{"id":573,"date":"2018-03-13T22:15:03","date_gmt":"2018-03-13T20:15:03","guid":{"rendered":"https:\/\/medibim.com.tr\/TR\/?page_id=573"},"modified":"2025-12-13T15:09:16","modified_gmt":"2025-12-13T12:09:16","slug":"biyomedikal-metroloji-ve-kalibrasyon","status":"publish","type":"page","link":"https:\/\/www.medibim.com.tr\/TR\/","title":{"rendered":"Biyomedikal Metroloji ve Kalibrasyon"},"content":{"rendered":"<p><strong><span style=\"font-size: 14pt;\">Biyomedikal Metroloji ve Kalibrasyon<\/span><\/strong><\/p>\n<p><span style=\"font-size: 14pt;\"><strong>MED\u0130B\u0130M<\/strong><\/span>; \u00a0Biyomedikal Metroloji ve Kalibrasyon , Validasyon ve Muayene hizmetlerinde uzmanla\u015fm\u0131\u015f bir kurumdur.<a href=\"https:\/\/www.medibim.com.tr\/TR\/wp-content\/uploads\/2022\/09\/1-TITCK-Akreditasyon-Sertifika-ve-Kapsam.pdf\"><img loading=\"lazy\" decoding=\"async\" class=\"alignright wp-image-4073\" src=\"https:\/\/www.medibim.com.tr\/TR\/wp-content\/uploads\/2022\/09\/TITCK-Akreditasyon-Logo--300x150.png\" alt=\"\" width=\"258\" height=\"129\" srcset=\"https:\/\/www.medibim.com.tr\/TR\/wp-content\/uploads\/2022\/09\/TITCK-Akreditasyon-Logo--300x150.png 300w, https:\/\/www.medibim.com.tr\/TR\/wp-content\/uploads\/2022\/09\/TITCK-Akreditasyon-Logo--1024x513.png 1024w, https:\/\/www.medibim.com.tr\/TR\/wp-content\/uploads\/2022\/09\/TITCK-Akreditasyon-Logo--768x385.png 768w, https:\/\/www.medibim.com.tr\/TR\/wp-content\/uploads\/2022\/09\/TITCK-Akreditasyon-Logo-.png 1182w\" sizes=\"auto, (max-width: 258px) 100vw, 258px\" \/><\/a><\/p>\n<p>H\u0131zla geli\u015fen sa\u011fl\u0131k ve dolay\u0131s\u0131 ile t\u0131bbi cihaz teknolojilerinin \u00fclkemizde de yo\u011funlukla kullan\u0131l\u0131yor olmas\u0131 sebebiyle, medikal ve biyomedikal teknolojilerin kontrol\u00fc ve y\u00f6netimi bir gereklilik haline gelmi\u015f hatta bir m\u00fchendislik dal\u0131 olarak disipline edilmi\u015ftir.<\/p>\n<p>Medibim, d\u00fcnyada sayg\u0131n ve bir \u00e7ok referans\u0131 olan ve medikal cihaz testlerine dair teknoloji \u00fcreten firmalar ile \u00e7al\u0131\u015fmalar\u0131n\u0131 y\u00fcr\u00fctmektedir.<\/p>\n<p><strong>Medibim, T\u0131bbi cihazlar\u0131n test kontrol ve kalibrasyonlar\u0131 konusunda ISO 17025 standart\u0131 gere\u011fince<br \/>\nT\u00dcRKAK ve SB T\u0130TCK Akreditasyonlar\u0131na sahiptir.<\/strong><\/p>\n<figure id=\"attachment_3171\" aria-describedby=\"caption-attachment-3171\" style=\"width: 300px\" class=\"wp-caption alignright\"><a href=\"https:\/\/links.medibim.com.tr\/turkak-t\"><img loading=\"lazy\" decoding=\"async\" class=\"wp-image-3171 size-medium\" src=\"https:\/\/www.medibim.com.tr\/TR\/wp-content\/uploads\/2020\/08\/TURKAK-1251-T-350x250-300x217.png\" alt=\"Biyomedikal Metroloji ve Kalibrasyon\" width=\"300\" height=\"217\" \/><\/a><figcaption id=\"caption-attachment-3171\" class=\"wp-caption-text\">Biyomedikal Metroloji ve Kalibrasyon<\/figcaption><\/figure>\n<p><span style=\"font-size: medium;\"><strong>B\u0130YOMED\u0130KAL METROLOJ\u0130 ve KAL\u0130BRASYON, VAL\u0130DASYON, TEST <\/strong><\/span><strong style=\"font-size: medium;\">VE MUAYENE H\u0130ZMETLER\u0130<\/strong><\/p>\n<ul>\n<li>Sa\u011fl\u0131k Bakanl\u0131\u011f\u0131 Biyomedikal Metroloji K\u0131lavuzu gere\u011fince metroloji ve kalibrasyon hizmetleri<\/li>\n<li>ECRI Institue Biomedical Benchmark prosed\u00fcrlerince medikal cihaz kalibrasyon \u00f6l\u00e7\u00fcmleri<\/li>\n<li>Temiz Oda Validasyonlar\u0131<\/li>\n<li>Radyoloji cihazlar\u0131 montaj muayenesi, tekrarl\u0131 ve rutin muayeneler ve testleri<\/li>\n<li>Odyometre cihaz\u0131 test ve kalibrasyonlar\u0131,<\/li>\n<li>Ameliyathane Yo\u011fun Bak\u0131m Grubu Cihazlar\u0131 kalibrasyon \u00f6l\u00e7\u00fcmleri ve testleri<\/li>\n<li>Biyomedikal Metroloji K\u0131lavuzu kapsam\u0131ndaki di\u011fer t\u00fcm medikal cihazlar\u0131n \u00f6l\u00e7\u00fcm ve testleri<\/li>\n<li>\u0130\u00e7eri\u011fi geni\u015fletilmi\u015f ve uygulamal\u0131 t\u0131bbi cihaz test kalibrasyon e\u011fitimleri<\/li>\n<\/ul>\n<p><span style=\"font-size: medium;\"><strong>B\u0130YOMED\u0130KAL KAL\u0130BRAT\u00d6R VE METROLOJ\u0130 E\u011e\u0130T\u0130MLER\u0130;<\/strong><\/span><\/p>\n<p>Biyomedikal Metroloji ve kalibrasyon kapsam\u0131nda a\u015fa\u011f\u0131da verilen konularda kurumlara d\u00f6n\u00fck uygulamalar\u0131 e\u011fitimler verilmektedir.<\/p>\n<ul>\n<li>Biyomedikal Metroloji ve kalibrasyon ile ilgili kalibrat\u00f6r, Test Cihaz\u0131 ve Analiz\u00f6rleri Sat\u0131\u015f\u0131,<\/li>\n<li>Test cihaz\u0131 sim\u00fclat\u00f6r ve kalibrat\u00f6rlerin uygulamalar\u0131 operat\u00f6rl\u00fck ve saha e\u011fitimleri,<\/li>\n<li>\u00d6l\u00e7\u00fcm Belirsizli\u011fi ve Sertifikasyon<\/li>\n<li>Radyoloji Cihazlar\u0131 Analiz\u00f6r ve Test Cihazlar\u0131 \u00d6l\u00e7\u00fcm ve Muayene Uygulamal\u0131 E\u011fitimi,<\/li>\n<li>Medikal Cihazlarda Elektriksel G\u00fcvenlik Test Cihazlar\u0131 Uygulamal\u0131 E\u011fitimi,<\/li>\n<li>ISO14644 Temiz Oda Validasyonlar\u0131 E\u011fitimi<\/li>\n<\/ul>\n<p><span style=\"font-size: medium;\"><strong>\u00a0MED\u0130KAL C\u0130HAZ TEST KONTROL VE KAL\u0130BRAT\u00d6R C\u0130HAZLARI<\/strong><\/span><\/p>\n<p>Medikal Metroloji ve Kalibrasyon hizmetlerinin yan\u0131 s\u0131ra, ayn\u0131 zamanda bu kalibrasyon \u00f6l\u00e7\u00fcmlerinde kullan\u0131lan kalibrat\u00f6r, sim\u00fclat\u00f6r, test ve analiz\u00f6r cihazlar\u0131n da sat\u0131\u015f\u0131n\u0131 yapmaktad\u0131r.<\/p>\n<p>Son y\u0131llarda medikal tedavi ve te\u015fhislerde teknolojinin son derece yo\u011fun olarak kullan\u0131lmaya ba\u015flanmas\u0131 ve bu sistemlerden elde edilen \u00f6l\u00e7\u00fcme ait verilerin g\u00fcvenilirli\u011finin son derece \u00f6nem ta\u015f\u0131mas\u0131, ve insan sa\u011fl\u0131\u011f\u0131n\u0131 muayene, tetkik ve te\u015fhis s\u00fcre\u00e7lerinde etkiliyor olmas\u0131 bak\u0131m\u0131ndan , metrolojik ve kalibrasyon \u00f6l\u00e7\u00fcmleri \u00f6nem kazanm\u0131\u015ft\u0131r.<\/p>\n<p>Biyomedikal Metroloji hizmetlerinin temel \u00f6geleri olan test cihaz\u0131 ve kalibrat\u00f6rler a\u015fa\u011f\u0131da verilmi\u015ftir.<\/p>\n<ul>\n<li><a href=\"https:\/\/www.medibim.com.tr\/TR\/biyomedikal-kalibrator-test-cihazlari\/elektriksel-guvenlik-test-cihazlari\/\">Elektriksel G\u00fcvenlik Test Cihazlar\u0131 ve Analiz\u00f6rleri,<\/a><\/li>\n<li><a href=\"https:\/\/www.medibim.com.tr\/TR\/biyomedikal-kalibrator-test-cihazlari\/biyomedikal-hasta-simulatorleri\/\">Hasta Sim\u00fclat\u00f6rleri<\/a><\/li>\n<li>NIBP Sim\u00fclat\u00f6r\u00fc,<\/li>\n<li>SPO2 Sim\u00fclat\u00f6r\u00fc,<\/li>\n<li>X-RAY Analiz\u00f6r\u00fc,<\/li>\n<li>Defibrilat\u00f6r Test Cihaz\u0131,<\/li>\n<li><a href=\"https:\/\/www.medibim.com.tr\/TR\/biyomedikal-kalibrator-test-cihazlari\/biyomedikal-performans-analizorleri\/ventilator-akis-analizorleri\/\">Ventilat\u00f6r ve Anestezi Test Cihazlar\u0131,<\/a><\/li>\n<li>Test Akci\u011ferleri<\/li>\n<li><a href=\"https:\/\/www.medibim.com.tr\/TR\/biyomedikal-kalibrator-test-cihazlari\/radyoloji-kalite-fantomlari\/\">Radyolojik fantomlar<\/a><\/li>\n<li>Survey Dozimetreler<\/li>\n<li>Ki\u015fisel Dozimetreler<\/li>\n<li>Diyaliz Test Cihazlar\u0131 ( IBP Medical )<\/li>\n<li>Fototerapi Test Cihazlar\u0131 ( Irradian )<\/li>\n<li><a href=\"https:\/\/www.medibim.com.tr\/TR\/temiz-oda-validasyon-ekipmanlari\/\">Temiz Oda Validasyon Ekipmanlar\u0131<\/a><\/li>\n<\/ul>\n<p><span style=\"font-size: 12pt;\"><strong>Biyomedikal Metroloji, Test ve Muayene \u00d6l\u00e7\u00fcmleri<\/strong><\/span><\/p>\n<p>Medibim, mevcut personelinden gelen 18 y\u0131l\u0131 a\u015fk\u0131n Biyomedikal Metroloji ve Kalibrasyon \u00f6l\u00e7\u00fcm\u00fc tecr\u00fcbesi ve mevcut uzman ekibi ile Medikal kalibrasyon \u00f6l\u00e7\u00fcm\u00fc, testleri ve analizi konusunda sa\u011fl\u0131k kurumlar\u0131nda \u00e7al\u0131\u015fmalar\u0131na devam etmektedir.<\/p>\n<p>G\u00fcn\u00fcm\u00fczde sahada bir \u00e7ok kurum ve ki\u015fi taraf\u0131ndan yap\u0131lan medikal kalibrasyon \u00f6l\u00e7\u00fcmlerinin en \u00f6nemli eksikliklerinden birisi olan, prosed\u00fcr ve \u00f6l\u00e7me tekni\u011fi konusunda Medibim \u00f6rnek \u00e7al\u0131\u015fmalar\u0131na devam etmektedir. Medibim, Medikal cihaz kalibrasyon \u00f6l\u00e7\u00fcmlerinde ISO-60601 standartlar\u0131, ECRI Biomedical Benchmark (eski ad\u0131 ile IPM &#8211; Health Devices Inspection and\u00a0Preventive Maintenance), AAPM ve IPEM prosed\u00fcrlerini kullanmaktad\u0131r.<\/p>\n<p><strong>\u0130laveten hastanelerde ve hijyenik \u00fcretim yapan kurumlarda ISO 14644 standartlar\u0131 do\u011frultusunda partik\u00fcl say\u0131mlar\u0131 ve Temiz oda (Clean Room) sertifikasyonu hizmeti de vermektedir.<\/strong><\/p>\n<p>Kurumlar bu hizmeti al\u0131rlarken mevcut \u00f6l\u00e7\u00fcmlere ait bu t\u00fcr prosed\u00fcrlerle birlikte, \u00f6l\u00e7\u00fcm\u00fc yapacak ki\u015filerin konu ile ilgili uzmanl\u0131klar\u0131n\u0131, \u00f6l\u00e7\u00fcm yap\u0131lan kalibrat\u00f6r cihazlar\u0131n izlenebilirliklerini ve sahipliklerini, kalibrat\u00f6rlerin kime ait olduklar\u0131n\u0131 sorgulamal\u0131d\u0131rlar.<\/p>\n<p><strong><span style=\"font-size: 12pt;\">Temsilciliklerimiz:<\/span><\/strong><\/p>\n<p>Biyomedikal Metroloji ve Kalibrasyon ile ilgili test cihaz\u0131 ve kalibrat\u00f6rlere dair temsilicili\u011fini yapt\u0131\u011f\u0131m\u0131z kurumlar.<\/p>\n<ul>\n<li><a href=\"https:\/\/www.datrend.com\/\">DATREND <\/a><\/li>\n<li><a href=\"https:\/\/www.imtanalytics.com\/\">Imt Analytics<\/a><\/li>\n<li>IBA DOSIMETRY<\/li>\n<li>SUN NUCLEAR &#8211; CIRS &#8211; GAMMEX<\/li>\n<li>GTI<\/li>\n<li>IBP<\/li>\n<li><a href=\"https:\/\/www.topas.gmbh.de\/\">TOPAS<\/a><\/li>\n<\/ul>\n<p>Medibim Biyomedikal<br \/>\n0212.4382046\/47<br \/>\ninfo@medibim.com.tr<\/p>\n","protected":false},"excerpt":{"rendered":"<p>Biyomedikal Metroloji ve Kalibrasyon MED\u0130B\u0130M; \u00a0Biyomedikal Metroloji ve Kalibrasyon , Validasyon ve Muayene hizmetlerinde uzmanla\u015fm\u0131\u015f bir kurumdur. H\u0131zla geli\u015fen sa\u011fl\u0131k<\/p>\n","protected":false},"author":18,"featured_media":0,"parent":0,"menu_order":0,"comment_status":"closed","ping_status":"closed","template":"","meta":{"colormag_page_container_layout":"default_layout","colormag_page_sidebar_layout":"default_layout","footnotes":""},"class_list":["post-573","page","type-page","status-publish","hentry"],"yoast_head":"<!-- This site is optimized with the Yoast SEO plugin v27.1.1 - https:\/\/yoast.com\/product\/yoast-seo-wordpress\/ -->\n<title>Medibim Biyomedikal Metroloji ve Kalibrasyon - Test Muayene Kalibrasyon Validasyon Kalibrat\u00f6r E\u011fitim<\/title>\n<meta name=\"description\" content=\"T\u0131bbi Cihaz Biyomedikal Metroloji ve Kalibrasyon - Medibim Biyomedikal Metroloji ve Kalibrasyon Hizmetleri - T\u00fcrkak - T\u0130TCK Akreditasyonu\" \/>\n<meta name=\"robots\" content=\"index, follow, max-snippet:-1, max-image-preview:large, max-video-preview:-1\" \/>\n<link rel=\"canonical\" href=\"https:\/\/www.medibim.com.tr\/TR\/\" \/>\n<meta property=\"og:locale\" content=\"tr_TR\" \/>\n<meta property=\"og:type\" content=\"article\" \/>\n<meta property=\"og:title\" content=\"Medibim Biyomedikal Metroloji ve Kalibrasyon - Test Muayene Kalibrasyon Validasyon Kalibrat\u00f6r E\u011fitim\" \/>\n<meta property=\"og:description\" content=\"T\u0131bbi Cihaz Biyomedikal Metroloji ve Kalibrasyon - Medibim Biyomedikal Metroloji ve Kalibrasyon Hizmetleri - T\u00fcrkak - T\u0130TCK Akreditasyonu\" \/>\n<meta property=\"og:url\" content=\"https:\/\/www.medibim.com.tr\/TR\/\" \/>\n<meta property=\"og:site_name\" content=\"Medibim Biyomedikal Metroloji ve Kalibrasyon\" \/>\n<meta property=\"article:publisher\" content=\"https:\/\/www.facebook.com\/medibim\" \/>\n<meta property=\"article:modified_time\" content=\"2025-12-13T12:09:16+00:00\" \/>\n<meta property=\"og:image\" content=\"https:\/\/www.medibim.com.tr\/TR\/wp-content\/uploads\/2022\/09\/TITCK-Akreditasyon-Logo--1024x513.png\" \/>\n\t<meta property=\"og:image:width\" content=\"1024\" \/>\n\t<meta property=\"og:image:height\" content=\"513\" \/>\n\t<meta property=\"og:image:type\" content=\"image\/png\" \/>\n<meta name=\"twitter:card\" content=\"summary_large_image\" \/>\n<meta name=\"twitter:site\" content=\"@medibim\" \/>\n<meta name=\"twitter:label1\" content=\"Tahmini okuma s\u00fcresi\" \/>\n\t<meta name=\"twitter:data1\" content=\"4 dakika\" \/>\n<script type=\"application\/ld+json\" class=\"yoast-schema-graph\">{\"@context\":\"https:\/\/schema.org\",\"@graph\":[{\"@type\":\"WebPage\",\"@id\":\"https:\/\/www.medibim.com.tr\/TR\/\",\"url\":\"https:\/\/www.medibim.com.tr\/TR\/\",\"name\":\"Medibim Biyomedikal Metroloji ve Kalibrasyon - Test Muayene Kalibrasyon Validasyon Kalibrat\u00f6r E\u011fitim\",\"isPartOf\":{\"@id\":\"https:\/\/www.medibim.com.tr\/TR\/#website\"},\"primaryImageOfPage\":{\"@id\":\"https:\/\/www.medibim.com.tr\/TR\/#primaryimage\"},\"image\":{\"@id\":\"https:\/\/www.medibim.com.tr\/TR\/#primaryimage\"},\"thumbnailUrl\":\"https:\/\/www.medibim.com.tr\/TR\/wp-content\/uploads\/2022\/09\/TITCK-Akreditasyon-Logo--300x150.png\",\"datePublished\":\"2018-03-13T20:15:03+00:00\",\"dateModified\":\"2025-12-13T12:09:16+00:00\",\"description\":\"T\u0131bbi Cihaz Biyomedikal Metroloji ve Kalibrasyon - Medibim Biyomedikal Metroloji ve Kalibrasyon Hizmetleri - T\u00fcrkak - T\u0130TCK Akreditasyonu\",\"breadcrumb\":{\"@id\":\"https:\/\/www.medibim.com.tr\/TR\/#breadcrumb\"},\"inLanguage\":\"tr\",\"potentialAction\":[{\"@type\":\"ReadAction\",\"target\":[\"https:\/\/www.medibim.com.tr\/TR\/\"]}]},{\"@type\":\"ImageObject\",\"inLanguage\":\"tr\",\"@id\":\"https:\/\/www.medibim.com.tr\/TR\/#primaryimage\",\"url\":\"https:\/\/www.medibim.com.tr\/TR\/wp-content\/uploads\/2022\/09\/TITCK-Akreditasyon-Logo-.png\",\"contentUrl\":\"https:\/\/www.medibim.com.tr\/TR\/wp-content\/uploads\/2022\/09\/TITCK-Akreditasyon-Logo-.png\",\"width\":1182,\"height\":592},{\"@type\":\"BreadcrumbList\",\"@id\":\"https:\/\/www.medibim.com.tr\/TR\/#breadcrumb\",\"itemListElement\":[{\"@type\":\"ListItem\",\"position\":1,\"name\":\"Ana sayfa\",\"item\":\"https:\/\/www.medibim.com.tr\/TR\/\"},{\"@type\":\"ListItem\",\"position\":2,\"name\":\"Biyomedikal Metroloji ve Kalibrasyon\"}]},{\"@type\":\"WebSite\",\"@id\":\"https:\/\/www.medibim.com.tr\/TR\/#website\",\"url\":\"https:\/\/www.medibim.com.tr\/TR\/\",\"name\":\"Medibim Biyomedikal Metroloji ve Kalibrasyon\",\"description\":\"Test Muayene Kalibrasyon Validasyon Kalibrat\u00f6r E\u011fitim\",\"publisher\":{\"@id\":\"https:\/\/www.medibim.com.tr\/TR\/#organization\"},\"potentialAction\":[{\"@type\":\"SearchAction\",\"target\":{\"@type\":\"EntryPoint\",\"urlTemplate\":\"https:\/\/www.medibim.com.tr\/TR\/?s={search_term_string}\"},\"query-input\":{\"@type\":\"PropertyValueSpecification\",\"valueRequired\":true,\"valueName\":\"search_term_string\"}}],\"inLanguage\":\"tr\"},{\"@type\":\"Organization\",\"@id\":\"https:\/\/www.medibim.com.tr\/TR\/#organization\",\"name\":\"Medibim Biyomedikal\",\"alternateName\":\"Biyomedikal Metroloji ve Kalibrasyon Hizmetleri\",\"url\":\"https:\/\/www.medibim.com.tr\/TR\/\",\"logo\":{\"@type\":\"ImageObject\",\"inLanguage\":\"tr\",\"@id\":\"https:\/\/www.medibim.com.tr\/TR\/#\/schema\/logo\/image\/\",\"url\":\"https:\/\/www.medibim.com.tr\/TR\/wp-content\/uploads\/2018\/10\/medibim-logo-150x72-72dpi.png\",\"contentUrl\":\"https:\/\/www.medibim.com.tr\/TR\/wp-content\/uploads\/2018\/10\/medibim-logo-150x72-72dpi.png\",\"width\":150,\"height\":72,\"caption\":\"Medibim Biyomedikal\"},\"image\":{\"@id\":\"https:\/\/www.medibim.com.tr\/TR\/#\/schema\/logo\/image\/\"},\"sameAs\":[\"https:\/\/www.facebook.com\/medibim\",\"https:\/\/x.com\/medibim\",\"https:\/\/www.linkedin.com\/in\/medibim-biyomedikal-metroloji-bb952059\/\",\"https:\/\/www.facebook.com\/medibim-biyomedikal\"]}]}<\/script>\n<!-- \/ Yoast SEO plugin. -->","yoast_head_json":{"title":"Medibim Biyomedikal Metroloji ve Kalibrasyon - Test Muayene Kalibrasyon Validasyon Kalibrat\u00f6r E\u011fitim","description":"T\u0131bbi Cihaz Biyomedikal Metroloji ve Kalibrasyon - Medibim Biyomedikal Metroloji ve Kalibrasyon Hizmetleri - T\u00fcrkak - T\u0130TCK Akreditasyonu","robots":{"index":"index","follow":"follow","max-snippet":"max-snippet:-1","max-image-preview":"max-image-preview:large","max-video-preview":"max-video-preview:-1"},"canonical":"https:\/\/www.medibim.com.tr\/TR\/","og_locale":"tr_TR","og_type":"article","og_title":"Medibim Biyomedikal Metroloji ve Kalibrasyon - Test Muayene Kalibrasyon Validasyon Kalibrat\u00f6r E\u011fitim","og_description":"T\u0131bbi Cihaz Biyomedikal Metroloji ve Kalibrasyon - Medibim Biyomedikal Metroloji ve Kalibrasyon Hizmetleri - T\u00fcrkak - T\u0130TCK Akreditasyonu","og_url":"https:\/\/www.medibim.com.tr\/TR\/","og_site_name":"Medibim Biyomedikal Metroloji ve Kalibrasyon","article_publisher":"https:\/\/www.facebook.com\/medibim","article_modified_time":"2025-12-13T12:09:16+00:00","og_image":[{"width":1024,"height":513,"url":"https:\/\/www.medibim.com.tr\/TR\/wp-content\/uploads\/2022\/09\/TITCK-Akreditasyon-Logo--1024x513.png","type":"image\/png"}],"twitter_card":"summary_large_image","twitter_site":"@medibim","twitter_misc":{"Tahmini okuma s\u00fcresi":"4 dakika"},"schema":{"@context":"https:\/\/schema.org","@graph":[{"@type":"WebPage","@id":"https:\/\/www.medibim.com.tr\/TR\/","url":"https:\/\/www.medibim.com.tr\/TR\/","name":"Medibim Biyomedikal Metroloji ve Kalibrasyon - Test Muayene Kalibrasyon Validasyon Kalibrat\u00f6r E\u011fitim","isPartOf":{"@id":"https:\/\/www.medibim.com.tr\/TR\/#website"},"primaryImageOfPage":{"@id":"https:\/\/www.medibim.com.tr\/TR\/#primaryimage"},"image":{"@id":"https:\/\/www.medibim.com.tr\/TR\/#primaryimage"},"thumbnailUrl":"https:\/\/www.medibim.com.tr\/TR\/wp-content\/uploads\/2022\/09\/TITCK-Akreditasyon-Logo--300x150.png","datePublished":"2018-03-13T20:15:03+00:00","dateModified":"2025-12-13T12:09:16+00:00","description":"T\u0131bbi Cihaz Biyomedikal Metroloji ve Kalibrasyon - Medibim Biyomedikal Metroloji ve Kalibrasyon Hizmetleri - T\u00fcrkak - T\u0130TCK Akreditasyonu","breadcrumb":{"@id":"https:\/\/www.medibim.com.tr\/TR\/#breadcrumb"},"inLanguage":"tr","potentialAction":[{"@type":"ReadAction","target":["https:\/\/www.medibim.com.tr\/TR\/"]}]},{"@type":"ImageObject","inLanguage":"tr","@id":"https:\/\/www.medibim.com.tr\/TR\/#primaryimage","url":"https:\/\/www.medibim.com.tr\/TR\/wp-content\/uploads\/2022\/09\/TITCK-Akreditasyon-Logo-.png","contentUrl":"https:\/\/www.medibim.com.tr\/TR\/wp-content\/uploads\/2022\/09\/TITCK-Akreditasyon-Logo-.png","width":1182,"height":592},{"@type":"BreadcrumbList","@id":"https:\/\/www.medibim.com.tr\/TR\/#breadcrumb","itemListElement":[{"@type":"ListItem","position":1,"name":"Ana sayfa","item":"https:\/\/www.medibim.com.tr\/TR\/"},{"@type":"ListItem","position":2,"name":"Biyomedikal Metroloji ve Kalibrasyon"}]},{"@type":"WebSite","@id":"https:\/\/www.medibim.com.tr\/TR\/#website","url":"https:\/\/www.medibim.com.tr\/TR\/","name":"Medibim Biyomedikal Metroloji ve Kalibrasyon","description":"Test Muayene Kalibrasyon Validasyon Kalibrat\u00f6r E\u011fitim","publisher":{"@id":"https:\/\/www.medibim.com.tr\/TR\/#organization"},"potentialAction":[{"@type":"SearchAction","target":{"@type":"EntryPoint","urlTemplate":"https:\/\/www.medibim.com.tr\/TR\/?s={search_term_string}"},"query-input":{"@type":"PropertyValueSpecification","valueRequired":true,"valueName":"search_term_string"}}],"inLanguage":"tr"},{"@type":"Organization","@id":"https:\/\/www.medibim.com.tr\/TR\/#organization","name":"Medibim Biyomedikal","alternateName":"Biyomedikal Metroloji ve Kalibrasyon Hizmetleri","url":"https:\/\/www.medibim.com.tr\/TR\/","logo":{"@type":"ImageObject","inLanguage":"tr","@id":"https:\/\/www.medibim.com.tr\/TR\/#\/schema\/logo\/image\/","url":"https:\/\/www.medibim.com.tr\/TR\/wp-content\/uploads\/2018\/10\/medibim-logo-150x72-72dpi.png","contentUrl":"https:\/\/www.medibim.com.tr\/TR\/wp-content\/uploads\/2018\/10\/medibim-logo-150x72-72dpi.png","width":150,"height":72,"caption":"Medibim Biyomedikal"},"image":{"@id":"https:\/\/www.medibim.com.tr\/TR\/#\/schema\/logo\/image\/"},"sameAs":["https:\/\/www.facebook.com\/medibim","https:\/\/x.com\/medibim","https:\/\/www.linkedin.com\/in\/medibim-biyomedikal-metroloji-bb952059\/","https:\/\/www.facebook.com\/medibim-biyomedikal"]}]}},"_links":{"self":[{"href":"https:\/\/www.medibim.com.tr\/TR\/wp-json\/wp\/v2\/pages\/573","targetHints":{"allow":["GET"]}}],"collection":[{"href":"https:\/\/www.medibim.com.tr\/TR\/wp-json\/wp\/v2\/pages"}],"about":[{"href":"https:\/\/www.medibim.com.tr\/TR\/wp-json\/wp\/v2\/types\/page"}],"author":[{"embeddable":true,"href":"https:\/\/www.medibim.com.tr\/TR\/wp-json\/wp\/v2\/users\/18"}],"replies":[{"embeddable":true,"href":"https:\/\/www.medibim.com.tr\/TR\/wp-json\/wp\/v2\/comments?post=573"}],"version-history":[{"count":38,"href":"https:\/\/www.medibim.com.tr\/TR\/wp-json\/wp\/v2\/pages\/573\/revisions"}],"predecessor-version":[{"id":4669,"href":"https:\/\/www.medibim.com.tr\/TR\/wp-json\/wp\/v2\/pages\/573\/revisions\/4669"}],"wp:attachment":[{"href":"https:\/\/www.medibim.com.tr\/TR\/wp-json\/wp\/v2\/media?parent=573"}],"curies":[{"name":"wp","href":"https:\/\/api.w.org\/{rel}","templated":true}]}}